{"id":54,"date":"2011-08-04T12:07:56","date_gmt":"2011-08-04T12:07:56","guid":{"rendered":"\/blog\/impressum"},"modified":"2025-01-21T09:56:29","modified_gmt":"2025-01-21T09:56:29","slug":"impressum","status":"publish","type":"page","link":"https:\/\/www.xn--krnten-ferienwohnungen-04b.at\/blog\/impressum","title":{"rendered":"Impressum"},"content":{"rendered":"<p class=\"static-content\">K\u00e4rnten Ferienwohnungen<br \/>\nInhaber: Kerstin Taupe<br \/>\nWarmbader Allee 53<br \/>\n9504 Villach<\/p>\n<p>e-mail:\u00a0\u00a0\u00a0 <a href=\"mailto:info@kaernten-ferienwohnungen.com\" target=\"_blank\" rel=\"noopener noreferrer\">info@kaernten-ferienwohnungen.com<\/a><\/p>\n<p class=\"static-content\">Tel:\u00a0\u00a0 +43\u00a0 4242 36355<\/p>\n<p>Steuernummer: 488\/0532<\/p>\n<p>Aufsichtsbeh\u00f6rde: Magistrat der Stadt Villach<\/p>\n<p>Mitglied der Wirtschaftskammer K\u00e4rnten<\/p>\n<p><a href=\"https:\/\/www.wkoecg.at\/Web\/Ecg.aspx?FirmaID=57d82054-340e-475e-902b-96000d5cb9ec\" target=\"_blank\" rel=\"noopener noreferrer\"><img src=\"https:\/\/www.wkoecg.at\/Web\/Library\/img\/ecg.gif\" alt=\"Informationen zu E-Commerce und Mediengesetz\" \/><\/a><\/p>\n<p>Sparte Tourismus- und Freizeitwirtschaft<\/p>\n<p>Fachgruppe Reiseb\u00fcros<br \/>\nReiseb\u00fcrogewerbe<br \/>\nBerechtigung verliehen in \u00d6sterreich<\/p>\n<p>F\u00fcr Reiseb\u00fcros gelten folgende Rechtsvorschriften:<\/p>\n<ul>\n<li>Gewerbeordnung 1994, insbesondere \u00a7 94 Z 56 und \u00a7 126: siehe <a href=\"http:\/\/www.ris.bka.gv.at\/GeltendeFassung.wxe?Abfrage=Bundesnormen&amp;Gesetzesnummer=10007517\"><br \/>\nhttps:\/\/www.ris.bka.gv.at\/GeltendeFassung.wxe?Abfrage=Bundesnormen&amp;Gesetzesnummer=10007517<\/a><\/li>\n<li>Aus\u00fcbungsvorschriften f\u00fcr das Reiseb\u00fcrogewerbe: siehe <a href=\"http:\/\/www.ris.bka.gv.at\/GeltendeFassung.wxe?Abfrage=Bundesnormen&amp;Gesetzesnummer=10008014\"><br \/>\nhttps:\/\/www.ris.bka.gv.at\/GeltendeFassung.wxe?Abfrage=Bundesnormen&amp;Gesetzesnummer=10008014<\/a><\/li>\n<li>Reiseb\u00fcro-Verordnung: siehe<br \/>\n<a href=\"https:\/\/www.ris.bka.gv.at\/GeltendeFassung.wxe?Abfrage=Bundesnormen&amp;Gesetzesnummer=20002480\">http:\/\/www.ris.bka.gv.at\/GeltendeFassung.wxe?Abfrage=Bundesnormen&amp;Gesetzesnummer=20002480<\/a><\/li>\n<li>Reiseb\u00fcrosicherungsverordnung: siehe <a href=\"http:\/\/www.ris.bka.gv.at\/GeltendeFassung.wxe?Abfrage=Bundesnormen&amp;Gesetzesnummer=20000007\"><br \/>\nhttps:\/\/www.ris.bka.gv.at\/GeltendeFassung.wxe?Abfrage=Bundesnormen&amp;Gesetzesnummer=20000007<\/a><\/li>\n<li>Konsumentenschutzgesetz, insbesondere \u00a7\u00a7 31b bis 31f: siehe<br \/>\n<a href=\"https:\/\/www.ris.bka.gv.at\/GeltendeFassung.wxe?Abfrage=Bundesnormen&amp;Gesetzesnummer=10002462\">http:\/\/www.ris.bka.gv.at\/GeltendeFassung.wxe?Abfrage=Bundesnormen&amp;Gesetzesnummer=10002462<\/a><\/li>\n<\/ul>\n<p class=\"static-content\"><strong>Haftungsausschluss<\/strong><\/p>\n<p class=\"agb\">K\u00e4rnten Ferienwohnungen \u00fcbernimmt keinerlei Gew\u00e4hr f\u00fcr die Aktualit\u00e4t, Korrektheit, Vollst\u00e4ndigkeit oder Qualit\u00e4t der bereitgestellten Informationen. Haftungsanspr\u00fcche gegen K\u00e4rnten Ferienwohnungen welche sich auf Sch\u00e4den materieller oder ideeller Art beziehen, die durch die Nutzung oder Nichtnutzung der dargebotenen Informationen bzw. durch die Nutzung fehlerhafter und unvollst\u00e4ndiger Informationen verursacht wurden, sind grunds\u00e4tzlich ausgeschlossen, sofern seitens von K\u00e4rnten Ferienwohnungen kein nachweislich vors\u00e4tzliches oder grob fahrl\u00e4ssiges Verschulden vorliegt. Alle Angebote sind freibleibend und unverbindlich.<\/p>\n<p class=\"agb\">K\u00e4rnten Ferienwohnungen beh\u00e4lt es sich ausdr\u00fccklich vor, Teile der Seiten oder das gesamte Angebot ohne gesonderte Ank\u00fcndigung zu ver\u00e4ndern, zu erg\u00e4nzen, zu l\u00f6schen oder die Ver\u00f6ffentlichung zeitweise oder endg\u00fcltig einzustellen. Bei direkten oder indirekten Verweisen auf fremde Internetseiten (Links), die au\u00dferhalb des Verantwortungsbereiches von K\u00e4rnten Ferienwohnungen liegen, w\u00fcrde eine Haftungsverpflichtung ausschlie\u00dflich in dem Fall in Kraft treten, in dem K\u00e4rnten Ferienwohnungen von den Inhalten Kenntnis hat und es ihr technisch m\u00f6glich und zumutbar w\u00e4re, die Nutzung im Falle rechtswidriger Inhalte zu verhindern.<\/p>\n<p class=\"agb\">K\u00e4rnten Ferienwohnungen erkl\u00e4rt hiermit ausdr\u00fccklich, dass zum Zeitpunkt der Linksetzung keine illegalen Inhalte auf den zu verlinkenden Seiten erkennbar waren. Auf die aktuelle und zuk\u00fcnftige Gestaltung, die Inhalte oder die Urheberschaft der gelinkten\/verkn\u00fcpften Seiten hat K\u00e4rnten Ferienwohnungen keinerlei Einfluss. Deshalb distanziert sie sich hiermit ausdr\u00fccklich von allen Inhalten aller gelinkten \/verkn\u00fcpften Seiten, die nach der Linksetzung ver\u00e4ndert wurden. Diese Feststellung gilt f\u00fcr alle innerhalb des eigenen Internetangebotes gesetzten Links und Verweise. F\u00fcr illegale, fehlerhafte oder unvollst\u00e4ndige Inhalte und insbesondere f\u00fcr Sch\u00e4den, die aus der Nutzung oder Nichtnutzung solcherart dargebotener Informationen entstehen, haftet allein der Anbieter der Seite, auf welche verwiesen wurde, nicht derjenige, der \u00fcber Links auf die jeweilige Ver\u00f6ffentlichung lediglich verweist. Sofern innerhalb des Internetangebotes die M\u00f6glichkeit zur Eingabe pers\u00f6nlicher oder gesch\u00e4ftlicher Daten (Emailadressen, Namen, Anschriften) besteht, so erfolgt die Preisgabe dieser Daten seitens des Nutzers auf ausdr\u00fccklich freiwilliger Basis.<\/p>\n<p class=\"agb\">Dieser Haftungsausschluss ist als Teil des Internetangebotes zu betrachten, von dem aus auf diese Seite verwiesen wurde. Sofern Teile oder einzelne Formulierungen dieses Textes der geltenden Rechtslage nicht, nicht mehr oder nicht vollst\u00e4ndig entsprechen sollten, bleiben die \u00fcbrigen Teile des Dokumentes in ihrem Inhalt und ihrer G\u00fcltigkeit davon unber\u00fchrt.<\/p>\n<h3>Haftung f\u00fcr Links<\/h3>\n<p>Unser Angebot enth\u00e4lt Links zu externen Webseiten Dritter, auf deren Inhalte wir keinen Einfluss haben. Deshalb k\u00f6nnen wir f\u00fcr diese fremden Inhalte auch keine Gew\u00e4hr \u00fcbernehmen. F\u00fcr die Inhalte der verlinkten Seiten ist stets der jeweilige Anbieter oder Betreiber der Seiten verantwortlich. Die verlinkten Seiten wurden zum Zeitpunkt der Verlinkung auf m\u00f6gliche Rechtsverst\u00f6\u00dfe \u00fcberpr\u00fcft. Rechtswidrige Inhalte waren zum Zeitpunkt der Verlinkung nicht erkennbar. Eine permanente inhaltliche Kontrolle der verlinkten Seiten ist jedoch ohne konkrete Anhaltspunkte einer Rechtsverletzung nicht zumutbar. Bei bekannt werden von Rechtsverletzungen werden wir derartige Links umgehend entfernen.<\/p>\n<h3>Urheberrecht<\/h3>\n<p>Die durch die Seitenbetreiber erstellten Inhalte und Werke auf diesen Seiten unterliegen dem deutschen Urheberrecht. Beitr\u00e4ge Dritter sind als solche gekennzeichnet. Die Vervielf\u00e4ltigung, Bearbeitung, Verbreitung und jede Art der Verwertung au\u00dferhalb der Grenzen des Urheberrechtes bed\u00fcrfen der schriftlichen Zustimmung des jeweiligen Autors bzw. Erstellers. Downloads und Kopien dieser Seite sind nur f\u00fcr den privaten, nicht kommerziellen Gebrauch gestattet. Die Betreiber der Seiten sind bem\u00fcht, stets die Urheberrechte anderer zu beachten bzw. auf selbst erstellte sowie lizenzfreie Werke zur\u00fcckzugreifen.<\/p>\n<h3>Datenschutz<\/h3>\n<p>Soweit auf unseren Seiten personenbezogene Daten (beispielsweise Name, Anschrift oder eMail-Adressen) erhoben werden, erfolgt dies soweit m\u00f6glich stets auf freiwilliger Basis. Die Nutzung der Angebote und Dienste ist, soweit m\u00f6glich, stets ohne Angabe personenbezogener Daten m\u00f6glich. Wir weisen darauf hin, dass die Daten\u00fcbertragung im Internet (z.B. bei der Kommunikation per E-Mail) Sicherheitsl\u00fccken aufweisen kann. Ein l\u00fcckenloser Schutz der Daten vor dem Zugriff durch Dritte ist nicht m\u00f6glich. Der Nutzung von im Rahmen der Impressumspflicht ver\u00f6ffentlichten Kontaktdaten durch Dritte zur \u00dcbersendung von nicht ausdr\u00fccklich angeforderter Werbung und Informationsmaterialien wird hiermit ausdr\u00fccklich widersprochen. Die Betreiber der Seiten behalten sich ausdr\u00fccklich rechtliche Schritte im Falle der unverlangten Zusendung von Werbeinformationen, etwa durch Spam-Mails, vor.<\/p>\n<p>Quelle: <a href=\"https:\/\/www.e-recht24.de\/\">eRecht24.de &#8211; Rechtsberatung von Anwalt S\u00f6ren Siebert<\/a><\/p>","protected":false},"excerpt":{"rendered":"<p>K\u00e4rnten Ferienwohnungen Inhaber: Kerstin Taupe Warmbader Allee 53 9504 Villach e-mail:\u00a0\u00a0\u00a0 info@kaernten-ferienwohnungen.com Tel:\u00a0\u00a0 +43\u00a0 4242 36355 Steuernummer: 488\/0532 Aufsichtsbeh\u00f6rde: Magistrat der Stadt Villach Mitglied der Wirtschaftskammer K\u00e4rnten Sparte Tourismus- und Freizeitwirtschaft Fachgruppe Reiseb\u00fcros Reiseb\u00fcrogewerbe Berechtigung verliehen in \u00d6sterreich F\u00fcr Reiseb\u00fcros gelten folgende Rechtsvorschriften: Gewerbeordnung 1994, insbesondere \u00a7 94 Z 56 und \u00a7 126: siehe https:\/\/www.ris.bka.gv.at\/GeltendeFassung.wxe?Abfrage=Bundesnormen&amp;Gesetzesnummer=10007517 [&hellip;]<\/p>\n","protected":false},"author":1,"featured_media":0,"parent":0,"menu_order":0,"comment_status":"open","ping_status":"open","template":"","meta":[],"_links":{"self":[{"href":"https:\/\/www.xn--krnten-ferienwohnungen-04b.at\/blog\/wp-json\/wp\/v2\/pages\/54"}],"collection":[{"href":"https:\/\/www.xn--krnten-ferienwohnungen-04b.at\/blog\/wp-json\/wp\/v2\/pages"}],"about":[{"href":"https:\/\/www.xn--krnten-ferienwohnungen-04b.at\/blog\/wp-json\/wp\/v2\/types\/page"}],"author":[{"embeddable":true,"href":"https:\/\/www.xn--krnten-ferienwohnungen-04b.at\/blog\/wp-json\/wp\/v2\/users\/1"}],"replies":[{"embeddable":true,"href":"https:\/\/www.xn--krnten-ferienwohnungen-04b.at\/blog\/wp-json\/wp\/v2\/comments?post=54"}],"version-history":[{"count":10,"href":"https:\/\/www.xn--krnten-ferienwohnungen-04b.at\/blog\/wp-json\/wp\/v2\/pages\/54\/revisions"}],"predecessor-version":[{"id":1249,"href":"https:\/\/www.xn--krnten-ferienwohnungen-04b.at\/blog\/wp-json\/wp\/v2\/pages\/54\/revisions\/1249"}],"wp:attachment":[{"href":"https:\/\/www.xn--krnten-ferienwohnungen-04b.at\/blog\/wp-json\/wp\/v2\/media?parent=54"}],"curies":[{"name":"wp","href":"https:\/\/api.w.org\/{rel}","templated":true}]}}